{"id":16827,"date":"2024-11-27T15:22:01","date_gmt":"2024-11-27T02:22:01","guid":{"rendered":"http:\/\/209.38.93.90\/?page_id=16827"},"modified":"2026-01-13T16:19:04","modified_gmt":"2026-01-13T03:19:04","slug":"terms-conditions","status":"publish","type":"page","link":"https:\/\/eastcare.co.nz\/zh\/terms-conditions\/","title":{"rendered":"Terms &#038; Conditions"},"content":{"rendered":"<div data-elementor-type=\"wp-page\" data-elementor-id=\"16827\" class=\"elementor elementor-16827\">\n\t\t\t\t\t\t<section class=\"elementor-section elementor-top-section elementor-element elementor-element-de06ad7 elementor-section-content-middle mob-pdtb flextop-row bannerOverlayContainer, elementor-section-boxed elementor-section-height-default elementor-section-height-default\" data-id=\"de06ad7\" data-element_type=\"section\" data-e-type=\"section\">\n\t\t\t\t\t\t<div class=\"elementor-container elementor-column-gap-default\">\n\t\t\t\t\t<div class=\"elementor-column elementor-col-100 elementor-top-column elementor-element elementor-element-d23144c\" data-id=\"d23144c\" data-element_type=\"column\" data-e-type=\"column\">\n\t\t\t<div class=\"elementor-widget-wrap elementor-element-populated\">\n\t\t\t\t\t\t<div class=\"elementor-element elementor-element-e5c7b6d elementor-widget elementor-widget-heading\" data-id=\"e5c7b6d\" data-element_type=\"widget\" data-e-type=\"widget\" data-widget_type=\"heading.default\">\n\t\t\t\t<div class=\"elementor-widget-container\">\n\t\t\t\t\t<h3 class=\"elementor-heading-title elementor-size-default\">East Care Urgent Care \u2013 Terms and Conditions<\/h3>\t\t\t\t<\/div>\n\t\t\t\t<\/div>\n\t\t\t\t<div class=\"elementor-element elementor-element-2225c1e elementor-widget elementor-widget-text-editor\" data-id=\"2225c1e\" data-element_type=\"widget\" data-e-type=\"widget\" data-widget_type=\"text-editor.default\">\n\t\t\t\t<div class=\"elementor-widget-container\">\n\t\t\t\t\t\t\t\t\tMedical Priority &#8211; Priority is given to patients with serious or potentially life-threatening conditions, otherwise patients are seen by the clinician in the order they arrive at East Care Urgent Care. To help determine your triage category please ensure you have advised the Triage Nurse the reason why you have come to be seen today. This will determine the severity and priority of your presenting symptoms.\n\nHealth Information Privacy Statement &#8211; A copy of East Care\u2019s Health Information Privacy Statement is available from Reception.\n\nConsultations Notes and Test Results &#8211; East Care sends clinical notes and test results to your nominated GP daily. If you would prefer that your notes and test results are NOT sent to your doctor, please ensure you have checked the \u201cDO NOT SEND\u201d box on your Encounter Form.\n\nConsultations and Payment &#8211; At East Care our clinicians include &#8211; doctors, nurse practitioners, registered nurse prescribers, registered nurses and paramedics. You may be seen by any one of these clinicians depending on your presenting complaint. Consultations fees apply to all consultation services performed by any of these clinicians carried out either in our clinic, in your car or by phone consultation.\u00a0 All unpaid invoices will be charged an administration fee of $15.00. All overdue invoices greater than one month will be passed to our external debt collector. All fees incurred in this process will be charged to the patient.\n\nCommunity Services Card (CSC) &#8211; Community Services Cards must be presented at the time of consultation, otherwise a full consultation fee will apply. Cards presented within one week (7 days) of the consult may be eligible for CSC rates.\n\nACC &#8211; If you are presenting for an accident, your costs today may be partially covered by ACC. You are responsible for the balance. Any claims not accepted by ACC will be invoiced to you. Please ensure you have completed the ACC forms required.\n\nAmbulance Transfers &#8211; Any fees incurred for ambulance transfers are the responsibility of the patient.\n\nLaboratory Tests &#8211; As East Care Urgent Care is not your primary health care provider, we will only be contacting you should your results indicate further follow-up is required. The quickest way for you to obtain your test results is through your GP as they are also able to interpret your results and provide follow up treatment if required.\n\nMedical Certificate &#8211; If you require a Medical Certificate, please ask at the time of consultation. If a Certificate is required at a later date, a consultation fee will apply.\n\nFeedback &#8211; We welcome your feedback to help us improve our service to you. Our comments box is located in the patient waiting area or you can email us on <a href=\"mailto:info@eastcare.co.nz\">info@eastcare.co.nz\/a> or write to: The Clinical Director, P.O. Box 38-306, Howick 2145.\n\nFamily\/Whanau or other Support Persons &#8211; You are welcome to have a support person accompany you during your consultation. Please be aware that they may have access to sensitive patient\/doctor information discussed during your consultation.\n\nLocal GP &#8211; If you do not have a regular GP, please pick up a list of our local GPs from reception. For on-going medical advice and treatment, regular GP monitoring is always best.\n\nHDC &#8211; Health and Disability Commissioner (HDC) pamphlets on Patient\u2019s Code of Rights and The Consumer\u2019s Guide are available in the Waiting Room. A free HDC independent advocacy service for complaints is available. Ph 0800 11 22 33 or\u00a0<a href=\"http:\/\/www.hdc.org.nz\" target=\"_blank\" rel=\"noopener\">www.hdc.org.nz<\/a>\n\nInterpreter &#8211; Please inform the receptionist if you would like an interpreter. We can arrange an interpreter at your expense.\n\n\ud1b5\uc5ed\uc774 \ud544\uc694\ud558\uc2dc\uba74 \uc548\ub0b4 \ub370\uc2a4\ud06c\uc5d0 \uc694\uccad\ud558\uc138\uc694.\ube44\uc6a9\uc740 \ubcf8\uc778 \ubd80\ub2f4\uc785\ub2c8\ub2e4.\n\n\u8acb\u544a\u77e5\u63a5\u5f85\u54e1\u5982\u679c\u60a8\u60f3\u7372\u5f97\u7ffb\u8b6f\u670d\u52d9\u3002\u53e3\u8b6f\u670d\u52d9\u81ea\u8cbb\n\nT\u0113n\u0101 koa whakam\u014dhio ki te Kaimihi m\u0113n\u0101 e hiahia ana koe i t\u0113tahi Kaiwhakam\u0101ori hei \u0101whina.\u00a0 Kei te w\u0101tea ng\u0101 whakaritenga whakam\u0101ori heoi m\u0101u an\u014d e utu\n\nAdditional charges apply for complex wound dressings, ECG\u2019s, Crutches, Equipment and Pharmaceuticals\t\t\t\t\t\t\t\t<\/div>\n\t\t\t\t<\/div>\n\t\t\t\t\t<\/div>\n\t\t<\/div>\n\t\t\t\t\t<\/div>\n\t\t<\/section>\n\t\t\t\t<section class=\"elementor-section elementor-top-section elementor-element elementor-element-53e0153 mrp20 elementor-section-boxed elementor-section-height-default elementor-section-height-default\" data-id=\"53e0153\" data-element_type=\"section\" data-e-type=\"section\" data-settings=\"{&quot;background_background&quot;:&quot;classic&quot;}\">\n\t\t\t\t\t\t\t<div class=\"elementor-background-overlay\"><\/div>\n\t\t\t\t\t\t\t<div class=\"elementor-container elementor-column-gap-no\">\n\t\t\t\t\t<div class=\"elementor-column elementor-col-100 elementor-top-column elementor-element elementor-element-7736f04\" data-id=\"7736f04\" data-element_type=\"column\" data-e-type=\"column\">\n\t\t\t<div class=\"elementor-widget-wrap elementor-element-populated\">\n\t\t\t\t\t\t<div class=\"elementor-element elementor-element-7472f8a elementor-widget elementor-widget-text-editor\" data-id=\"7472f8a\" data-element_type=\"widget\" data-e-type=\"widget\" data-widget_type=\"text-editor.default\">\n\t\t\t\t<div class=\"elementor-widget-container\">\n\t\t\t\t\t\t\t\t\t<p style=\"text-align: centre;\">Have a life threatening emergency?<span style=\"text-decoration: underline; margin-left: 8px;\"><a class=\"link-primary\" href=\"tel:111\">\u8bf7\u81f4\u7535 111<\/a><\/span><\/p>\t\t\t\t\t\t\t\t<\/div>\n\t\t\t\t<\/div>\n\t\t\t\t\t<\/div>\n\t\t<\/div>\n\t\t\t\t\t<\/div>\n\t\t<\/section>\n\t\t\t\t<\/div>","protected":false},"excerpt":{"rendered":"<p>East Care Urgent Care \u2013 Terms and Conditions Medical Priority &#8211; Priority is given to patients with serious or potentially ... <\/p>","protected":false},"author":18,"featured_media":14433,"parent":0,"menu_order":0,"comment_status":"closed","ping_status":"closed","template":"","meta":{"_acf_changed":false,"inline_featured_image":false,"footnotes":""},"class_list":["post-16827","page","type-page","status-publish","has-post-thumbnail","hentry"],"acf":[],"yoast_head":"<!-- This site is optimized with the Yoast SEO plugin v27.1.1 - https:\/\/yoast.com\/product\/yoast-seo-wordpress\/ -->\n<title>Contact East Care, the best accident care &amp; medical clinic | East Care<\/title>\n<meta name=\"description\" content=\"Committed to delivering high-quality urgent care, East Care is a trusted accident and injury clinic in East Auckland. Open 7am to 11pm daily.\" \/>\n<meta name=\"robots\" content=\"index, follow, max-snippet:-1, max-image-preview:large, max-video-preview:-1\" \/>\n<link rel=\"canonical\" href=\"https:\/\/eastcare.co.nz\/zh\/terms-conditions\/\" \/>\n<meta property=\"og:locale\" content=\"zh_CN\" \/>\n<meta property=\"og:type\" content=\"article\" \/>\n<meta property=\"og:title\" content=\"Contact East Care, the best accident care &amp; medical clinic | East Care\" \/>\n<meta property=\"og:description\" content=\"Committed to delivering high-quality urgent care, East Care is a trusted accident and injury clinic in East Auckland. Open 7am to 11pm daily.\" \/>\n<meta property=\"og:url\" content=\"https:\/\/eastcare.co.nz\/zh\/terms-conditions\/\" \/>\n<meta property=\"og:site_name\" content=\"East Care Urgent Care Clinic\" \/>\n<meta property=\"article:publisher\" content=\"https:\/\/www.facebook.com\/eastcareurgentcare\/\" \/>\n<meta property=\"article:modified_time\" content=\"2026-01-13T03:19:04+00:00\" \/>\n<meta property=\"og:image\" content=\"https:\/\/eastcare.co.nz\/wp-content\/uploads\/2023\/02\/East-Care-Urgent-Care-Medical-Clinic-About-Us.jpg\" \/>\n\t<meta property=\"og:image:width\" content=\"1200\" \/>\n\t<meta property=\"og:image:height\" content=\"845\" \/>\n\t<meta property=\"og:image:type\" content=\"image\/jpeg\" \/>\n<meta name=\"twitter:card\" content=\"summary_large_image\" \/>\n<meta name=\"twitter:label1\" content=\"Est. reading time\" \/>\n\t<meta name=\"twitter:data1\" content=\"3 minutes\" \/>\n<script type=\"application\/ld+json\" class=\"yoast-schema-graph\">{\"@context\":\"https:\/\/schema.org\",\"@graph\":[{\"@type\":\"WebPage\",\"@id\":\"https:\/\/eastcare.co.nz\/terms-conditions\/\",\"url\":\"https:\/\/eastcare.co.nz\/terms-conditions\/\",\"name\":\"Contact East Care, the best accident care & medical clinic | East Care\",\"isPartOf\":{\"@id\":\"https:\/\/eastcare.co.nz\/#website\"},\"primaryImageOfPage\":{\"@id\":\"https:\/\/eastcare.co.nz\/terms-conditions\/#primaryimage\"},\"image\":{\"@id\":\"https:\/\/eastcare.co.nz\/terms-conditions\/#primaryimage\"},\"thumbnailUrl\":\"https:\/\/eastcare.co.nz\/wp-content\/uploads\/2023\/02\/East-Care-Urgent-Care-Medical-Clinic-About-Us.jpg\",\"datePublished\":\"2024-11-27T02:22:01+00:00\",\"dateModified\":\"2026-01-13T03:19:04+00:00\",\"description\":\"Committed to delivering high-quality urgent care, East Care is a trusted accident and injury clinic in East Auckland. Open 7am to 11pm daily.\",\"inLanguage\":\"zh-CN\",\"potentialAction\":[{\"@type\":\"ReadAction\",\"target\":[\"https:\/\/eastcare.co.nz\/terms-conditions\/\"]}]},{\"@type\":\"ImageObject\",\"inLanguage\":\"zh-CN\",\"@id\":\"https:\/\/eastcare.co.nz\/terms-conditions\/#primaryimage\",\"url\":\"https:\/\/eastcare.co.nz\/wp-content\/uploads\/2023\/02\/East-Care-Urgent-Care-Medical-Clinic-About-Us.jpg\",\"contentUrl\":\"https:\/\/eastcare.co.nz\/wp-content\/uploads\/2023\/02\/East-Care-Urgent-Care-Medical-Clinic-About-Us.jpg\",\"width\":1200,\"height\":845,\"caption\":\"Eastcare Urgent Care Medical Clinic Accident and injury clinic Auckland\"},{\"@type\":\"WebSite\",\"@id\":\"https:\/\/eastcare.co.nz\/#website\",\"url\":\"https:\/\/eastcare.co.nz\/\",\"name\":\"East Care Urgent Care Clinic\",\"description\":\"\",\"publisher\":{\"@id\":\"https:\/\/eastcare.co.nz\/#organization\"},\"potentialAction\":[{\"@type\":\"SearchAction\",\"target\":{\"@type\":\"EntryPoint\",\"urlTemplate\":\"https:\/\/eastcare.co.nz\/?s={search_term_string}\"},\"query-input\":{\"@type\":\"PropertyValueSpecification\",\"valueRequired\":true,\"valueName\":\"search_term_string\"}}],\"inLanguage\":\"zh-CN\"},{\"@type\":\"Organization\",\"@id\":\"https:\/\/eastcare.co.nz\/#organization\",\"name\":\"East Care Urgent Care Clinic\",\"url\":\"https:\/\/eastcare.co.nz\/\",\"logo\":{\"@type\":\"ImageObject\",\"inLanguage\":\"zh-CN\",\"@id\":\"https:\/\/eastcare.co.nz\/#\/schema\/logo\/image\/\",\"url\":\"https:\/\/eastcare.co.nz\/wp-content\/uploads\/2022\/09\/logo.png\",\"contentUrl\":\"https:\/\/eastcare.co.nz\/wp-content\/uploads\/2022\/09\/logo.png\",\"width\":277,\"height\":69,\"caption\":\"East Care Urgent Care Clinic\"},\"image\":{\"@id\":\"https:\/\/eastcare.co.nz\/#\/schema\/logo\/image\/\"},\"sameAs\":[\"https:\/\/www.facebook.com\/eastcareurgentcare\/\"]}]}<\/script>\n<!-- \/ Yoast SEO plugin. -->","yoast_head_json":{"title":"Contact East Care, the best accident care & medical clinic | East Care","description":"Committed to delivering high-quality urgent care, East Care is a trusted accident and injury clinic in East Auckland. Open 7am to 11pm daily.","robots":{"index":"index","follow":"follow","max-snippet":"max-snippet:-1","max-image-preview":"max-image-preview:large","max-video-preview":"max-video-preview:-1"},"canonical":"https:\/\/eastcare.co.nz\/zh\/terms-conditions\/","og_locale":"zh_CN","og_type":"article","og_title":"Contact East Care, the best accident care & medical clinic | East Care","og_description":"Committed to delivering high-quality urgent care, East Care is a trusted accident and injury clinic in East Auckland. Open 7am to 11pm daily.","og_url":"https:\/\/eastcare.co.nz\/zh\/terms-conditions\/","og_site_name":"East Care Urgent Care Clinic","article_publisher":"https:\/\/www.facebook.com\/eastcareurgentcare\/","article_modified_time":"2026-01-13T03:19:04+00:00","og_image":[{"width":1200,"height":845,"url":"https:\/\/eastcare.co.nz\/wp-content\/uploads\/2023\/02\/East-Care-Urgent-Care-Medical-Clinic-About-Us.jpg","type":"image\/jpeg"}],"twitter_card":"summary_large_image","twitter_misc":{"Est. reading time":"3 minutes"},"schema":{"@context":"https:\/\/schema.org","@graph":[{"@type":"WebPage","@id":"https:\/\/eastcare.co.nz\/terms-conditions\/","url":"https:\/\/eastcare.co.nz\/terms-conditions\/","name":"Contact East Care, the best accident care & medical clinic | East Care","isPartOf":{"@id":"https:\/\/eastcare.co.nz\/#website"},"primaryImageOfPage":{"@id":"https:\/\/eastcare.co.nz\/terms-conditions\/#primaryimage"},"image":{"@id":"https:\/\/eastcare.co.nz\/terms-conditions\/#primaryimage"},"thumbnailUrl":"https:\/\/eastcare.co.nz\/wp-content\/uploads\/2023\/02\/East-Care-Urgent-Care-Medical-Clinic-About-Us.jpg","datePublished":"2024-11-27T02:22:01+00:00","dateModified":"2026-01-13T03:19:04+00:00","description":"Committed to delivering high-quality urgent care, East Care is a trusted accident and injury clinic in East Auckland. Open 7am to 11pm daily.","inLanguage":"zh-CN","potentialAction":[{"@type":"ReadAction","target":["https:\/\/eastcare.co.nz\/terms-conditions\/"]}]},{"@type":"ImageObject","inLanguage":"zh-CN","@id":"https:\/\/eastcare.co.nz\/terms-conditions\/#primaryimage","url":"https:\/\/eastcare.co.nz\/wp-content\/uploads\/2023\/02\/East-Care-Urgent-Care-Medical-Clinic-About-Us.jpg","contentUrl":"https:\/\/eastcare.co.nz\/wp-content\/uploads\/2023\/02\/East-Care-Urgent-Care-Medical-Clinic-About-Us.jpg","width":1200,"height":845,"caption":"Eastcare Urgent Care Medical Clinic Accident and injury clinic Auckland"},{"@type":"WebSite","@id":"https:\/\/eastcare.co.nz\/#website","url":"https:\/\/eastcare.co.nz\/","name":"East Care Urgent Care Clinic","description":"","publisher":{"@id":"https:\/\/eastcare.co.nz\/#organization"},"potentialAction":[{"@type":"SearchAction","target":{"@type":"EntryPoint","urlTemplate":"https:\/\/eastcare.co.nz\/?s={search_term_string}"},"query-input":{"@type":"PropertyValueSpecification","valueRequired":true,"valueName":"search_term_string"}}],"inLanguage":"zh-CN"},{"@type":"Organization","@id":"https:\/\/eastcare.co.nz\/#organization","name":"East Care Urgent Care Clinic","url":"https:\/\/eastcare.co.nz\/","logo":{"@type":"ImageObject","inLanguage":"zh-CN","@id":"https:\/\/eastcare.co.nz\/#\/schema\/logo\/image\/","url":"https:\/\/eastcare.co.nz\/wp-content\/uploads\/2022\/09\/logo.png","contentUrl":"https:\/\/eastcare.co.nz\/wp-content\/uploads\/2022\/09\/logo.png","width":277,"height":69,"caption":"East Care Urgent Care Clinic"},"image":{"@id":"https:\/\/eastcare.co.nz\/#\/schema\/logo\/image\/"},"sameAs":["https:\/\/www.facebook.com\/eastcareurgentcare\/"]}]}},"_links":{"self":[{"href":"https:\/\/eastcare.co.nz\/zh\/wp-json\/wp\/v2\/pages\/16827","targetHints":{"allow":["GET"]}}],"collection":[{"href":"https:\/\/eastcare.co.nz\/zh\/wp-json\/wp\/v2\/pages"}],"about":[{"href":"https:\/\/eastcare.co.nz\/zh\/wp-json\/wp\/v2\/types\/page"}],"author":[{"embeddable":true,"href":"https:\/\/eastcare.co.nz\/zh\/wp-json\/wp\/v2\/users\/18"}],"replies":[{"embeddable":true,"href":"https:\/\/eastcare.co.nz\/zh\/wp-json\/wp\/v2\/comments?post=16827"}],"version-history":[{"count":24,"href":"https:\/\/eastcare.co.nz\/zh\/wp-json\/wp\/v2\/pages\/16827\/revisions"}],"predecessor-version":[{"id":17400,"href":"https:\/\/eastcare.co.nz\/zh\/wp-json\/wp\/v2\/pages\/16827\/revisions\/17400"}],"wp:featuredmedia":[{"embeddable":true,"href":"https:\/\/eastcare.co.nz\/zh\/wp-json\/wp\/v2\/media\/14433"}],"wp:attachment":[{"href":"https:\/\/eastcare.co.nz\/zh\/wp-json\/wp\/v2\/media?parent=16827"}],"curies":[{"name":"wp","href":"https:\/\/api.w.org\/{rel}","templated":true}]}}